{"id":1167,"date":"2022-04-23T00:00:00","date_gmt":"2022-04-22T23:00:00","guid":{"rendered":"http:\/\/diskstation\/wordpress\/?page_id=1167"},"modified":"2024-01-03T00:53:38","modified_gmt":"2024-01-02T23:53:38","slug":"saludo-hermano-mayor","status":"publish","type":"page","link":"https:\/\/santosepulcro-daganzo.com\/?page_id=1167","title":{"rendered":"Saludo Hermano Mayor"},"content":{"rendered":"\n<p><\/p>\n\n\n\n<p>En nombre de la Cofrad\u00eda del Santo Sepulcro, nuestra m\u00e1s cordial bienvenida a este sitio web oficial en el que los hermanos, devotos e interesados en general pueden estar al tanto de todo lo relacionado con la historia, los fines fundacionales, el patrimonio, los cultos, y la actividad diaria de esta Corporaci\u00f3n de fieles cat\u00f3licos que acumula ya 18 a\u00f1os de actividad ininterrumpida.<\/p>\n\n\n\n<p>Es evidente que las nuevas tecnolog\u00edas han abierto todo un universo nuevo de posibilidades de informaci\u00f3n, de conocimiento, de comunicaci\u00f3n y de contacto que nos permiten salvar con m\u00e1s facilidad las barreras del tiempo y del espacio a la vez que nos ofrecen una nueva forma de \u201chacer\u201d y de \u201cvivir\u201d la Hermandad, de conocer la gesti\u00f3n de la Junta de Gobierno, de ofrecer colaboraci\u00f3n, de plantear iniciativas y comentarios, en fin, de compartir nuestra fe y de extender la devoci\u00f3n por nuestra imagen del Cristo Yacente.<\/p>\n\n\n\n<p>Conf\u00edo que sepamos entre todos aprovechar adecuadamente estas nuevas herramientas que la modernidad tecnol\u00f3gica pone a nuestra disposici\u00f3n para mayor gloria de nuestro Amant\u00edsimo Titular.<\/p>\n\n\n<div class=\"wp-block-image is-style-default has-lightbox\">\n<figure class=\"alignleft size-full is-resized coblocks-animate\" data-coblocks-animation=\"slideInLeft\"><img loading=\"lazy\" decoding=\"async\" width=\"750\" height=\"1105\" src=\"http:\/\/santosepulcro-daganzo.com\/wp-content\/uploads\/2024\/01\/Oscar-Yebra.jpg\" alt=\"\" class=\"wp-image-2552\" style=\"width:111px;height:auto\" srcset=\"https:\/\/santosepulcro-daganzo.com\/wp-content\/uploads\/2024\/01\/Oscar-Yebra.jpg 750w, https:\/\/santosepulcro-daganzo.com\/wp-content\/uploads\/2024\/01\/Oscar-Yebra-204x300.jpg 204w, https:\/\/santosepulcro-daganzo.com\/wp-content\/uploads\/2024\/01\/Oscar-Yebra-695x1024.jpg 695w\" sizes=\"auto, (max-width: 750px) 100vw, 750px\" \/><figcaption class=\"wp-element-caption\">Oscar Yebra Redondo<strong><em> Hermano Mayor <br>2024<\/em><\/strong><\/figcaption><\/figure>\n<\/div>","protected":false},"excerpt":{"rendered":"<p>En nombre de la Cofrad\u00eda del Santo Sepulcro, nuestra m\u00e1s cordial bienvenida a este sitio web oficial en el que<\/p>\n<p><a href=\"https:\/\/santosepulcro-daganzo.com\/?page_id=1167\" class=\"more-link\">Seguir leyendo<span class=\"screen-reader-text\">Saludo Hermano Mayor<\/span><\/a><\/p>\n","protected":false},"author":1,"featured_media":0,"parent":0,"menu_order":0,"comment_status":"closed","ping_status":"closed","template":"","meta":{"_coblocks_attr":"","_coblocks_dimensions":"","_coblocks_responsive_height":"","_coblocks_accordion_ie_support":"","om_disable_all_campaigns":false,"_monsterinsights_skip_tracking":false,"_monsterinsights_sitenote_active":false,"_monsterinsights_sitenote_note":"","_monsterinsights_sitenote_category":0,"footnotes":""},"class_list":["post-1167","page","type-page","status-publish","hentry"],"aioseo_notices":[],"_links":{"self":[{"href":"https:\/\/santosepulcro-daganzo.com\/index.php?rest_route=\/wp\/v2\/pages\/1167","targetHints":{"allow":["GET"]}}],"collection":[{"href":"https:\/\/santosepulcro-daganzo.com\/index.php?rest_route=\/wp\/v2\/pages"}],"about":[{"href":"https:\/\/santosepulcro-daganzo.com\/index.php?rest_route=\/wp\/v2\/types\/page"}],"author":[{"embeddable":true,"href":"https:\/\/santosepulcro-daganzo.com\/index.php?rest_route=\/wp\/v2\/users\/1"}],"replies":[{"embeddable":true,"href":"https:\/\/santosepulcro-daganzo.com\/index.php?rest_route=%2Fwp%2Fv2%2Fcomments&post=1167"}],"version-history":[{"count":11,"href":"https:\/\/santosepulcro-daganzo.com\/index.php?rest_route=\/wp\/v2\/pages\/1167\/revisions"}],"predecessor-version":[{"id":2556,"href":"https:\/\/santosepulcro-daganzo.com\/index.php?rest_route=\/wp\/v2\/pages\/1167\/revisions\/2556"}],"wp:attachment":[{"href":"https:\/\/santosepulcro-daganzo.com\/index.php?rest_route=%2Fwp%2Fv2%2Fmedia&parent=1167"}],"curies":[{"name":"wp","href":"https:\/\/api.w.org\/{rel}","templated":true}]}}