{"id":1170,"date":"2022-04-23T00:00:01","date_gmt":"2022-04-22T23:00:01","guid":{"rendered":"http:\/\/diskstation\/wordpress\/?page_id=1170"},"modified":"2022-04-23T00:49:28","modified_gmt":"2022-04-22T23:49:28","slug":"solicitud-de-alta","status":"publish","type":"page","link":"https:\/\/santosepulcro-daganzo.com\/?page_id=1170","title":{"rendered":"Solicitud de Alta"},"content":{"rendered":"<div class=\"wpforms-container wpforms-container-full wpforms-block\" id=\"wpforms-1202\"><form id=\"wpforms-form-1202\" class=\"wpforms-validate wpforms-form wpforms-ajax-form\" data-formid=\"1202\" method=\"post\" enctype=\"multipart\/form-data\" action=\"\/index.php?rest_route=%2Fwp%2Fv2%2Fpages%2F1170\" data-token=\"1b2a694f6cae0d551852f507ba62ced0\" data-token-time=\"1777614745\"><noscript class=\"wpforms-error-noscript\">Por favor, activa JavaScript en tu navegador para completar este formulario.<\/noscript><div class=\"wpforms-field-container\"><div id=\"wpforms-1202-field_0-container\" class=\"wpforms-field wpforms-field-name\" data-field-id=\"0\"><label class=\"wpforms-field-label\">Nombre <span class=\"wpforms-required-label\">*<\/span><\/label><div class=\"wpforms-field-row wpforms-field-medium\"><div class=\"wpforms-field-row-block wpforms-first wpforms-one-half\"><input type=\"text\" id=\"wpforms-1202-field_0\" class=\"wpforms-field-name-first wpforms-field-required\" name=\"wpforms[fields][0][first]\" required><label for=\"wpforms-1202-field_0\" class=\"wpforms-field-sublabel after\">Nombre<\/label><\/div><div class=\"wpforms-field-row-block wpforms-one-half\"><input type=\"text\" id=\"wpforms-1202-field_0-last\" class=\"wpforms-field-name-last wpforms-field-required\" name=\"wpforms[fields][0][last]\" required><label for=\"wpforms-1202-field_0-last\" class=\"wpforms-field-sublabel after\">Apellidos<\/label><\/div><\/div><\/div><div id=\"wpforms-1202-field_13-container\" class=\"wpforms-field wpforms-field-select wpforms-field-select-style-classic\" data-field-id=\"13\"><label class=\"wpforms-field-label\" for=\"wpforms-1202-field_13\">A\u00f1o de Nacimiento <span class=\"wpforms-required-label\">*<\/span><\/label><select id=\"wpforms-1202-field_13\" class=\"wpforms-field-small wpforms-field-required\" name=\"wpforms[fields][13]\" required=\"required\"><option value=\"2022\" >2022<\/option><option value=\"2021\" >2021<\/option><option value=\"2020\" >2020<\/option><option value=\"2019\" >2019<\/option><option value=\"2018\" >2018<\/option><option value=\"2017\" >2017<\/option><option value=\"2016\" >2016<\/option><option value=\"2015\" >2015<\/option><option value=\"2014\" >2014<\/option><option value=\"2013\" >2013<\/option><option value=\"2012\" >2012<\/option><option value=\"2011\" >2011<\/option><option value=\"2010\" >2010<\/option><option value=\"2009\" >2009<\/option><option value=\"2008\" >2008<\/option><option value=\"2007\" >2007<\/option><option value=\"2006\" >2006<\/option><option value=\"2005\" >2005<\/option><option value=\"2004\" >2004<\/option><option value=\"2003\" >2003<\/option><option value=\"2002\" >2002<\/option><option value=\"2001\" >2001<\/option><option value=\"2000\" >2000<\/option><option value=\"1999\" >1999<\/option><option value=\"1998\" >1998<\/option><option value=\"1997\" >1997<\/option><option value=\"1996\" >1996<\/option><option value=\"1995\" >1995<\/option><option value=\"1994\" >1994<\/option><option value=\"1993\" >1993<\/option><option value=\"1992\" >1992<\/option><option value=\"1991\" >1991<\/option><option value=\"1990\" >1990<\/option><option value=\"1989\" >1989<\/option><option value=\"1988\" >1988<\/option><option value=\"1987\" >1987<\/option><option value=\"1986\" >1986<\/option><option value=\"1985\" >1985<\/option><option value=\"1984\" >1984<\/option><option value=\"1983\" >1983<\/option><option value=\"1982\" >1982<\/option><option value=\"1981\" >1981<\/option><option value=\"1980\" >1980<\/option><option value=\"1979\" >1979<\/option><option value=\"1978\" >1978<\/option><option value=\"1977\" >1977<\/option><option value=\"1976\" >1976<\/option><option value=\"1975\" >1975<\/option><option value=\"1974\" >1974<\/option><option value=\"1973\" >1973<\/option><option value=\"1972\" >1972<\/option><option value=\"1971\" >1971<\/option><option value=\"1970\" >1970<\/option><option value=\"1969\" >1969<\/option><option value=\"1968\" >1968<\/option><option value=\"1967\" >1967<\/option><option value=\"1966\" >1966<\/option><option value=\"1965\" >1965<\/option><option value=\"1964\" >1964<\/option><option value=\"1963\" >1963<\/option><option value=\"1962\" >1962<\/option><option value=\"1961\" >1961<\/option><option value=\"1960\" >1960<\/option><option value=\"Opci\u00f3n 67\" >Opci\u00f3n 67<\/option><\/select><\/div><div id=\"wpforms-1202-field_15-container\" class=\"wpforms-field wpforms-field-checkbox wpforms-list-inline\" data-field-id=\"15\"><label class=\"wpforms-field-label\">Menor de Edad? <span class=\"wpforms-required-label\">*<\/span><\/label><ul id=\"wpforms-1202-field_15\" class=\"wpforms-field-required\" data-choice-limit=\"1\"><li class=\"choice-1 depth-1\"><input type=\"checkbox\" id=\"wpforms-1202-field_15_1\" data-rule-check-limit=\"true\" name=\"wpforms[fields][15][]\" value=\"S\u00ed\" required ><label class=\"wpforms-field-label-inline\" for=\"wpforms-1202-field_15_1\">S\u00ed<\/label><\/li><li class=\"choice-2 depth-1 wpforms-selected\"><input type=\"checkbox\" id=\"wpforms-1202-field_15_2\" data-rule-check-limit=\"true\" name=\"wpforms[fields][15][]\" value=\"No\" required  checked='checked'><label class=\"wpforms-field-label-inline\" for=\"wpforms-1202-field_15_2\">No<\/label><\/li><\/ul><\/div><div id=\"wpforms-1202-field_10-container\" class=\"wpforms-field wpforms-field-number\" data-field-id=\"10\"><label class=\"wpforms-field-label\" for=\"wpforms-1202-field_10\">Telefono M\u00f3vil <span class=\"wpforms-required-label\">*<\/span><\/label><input type=\"number\" id=\"wpforms-1202-field_10\" class=\"wpforms-field-small wpforms-field-required\" name=\"wpforms[fields][10]\" placeholder=\"###-###-###\" step=\"any\" required><\/div><div id=\"wpforms-1202-field_1-container\" class=\"wpforms-field wpforms-field-email\" data-field-id=\"1\"><label class=\"wpforms-field-label\">Email <span class=\"wpforms-required-label\">*<\/span><\/label><div class=\"wpforms-field-row wpforms-field-medium\"><div class=\"wpforms-field-row-block wpforms-one-half wpforms-first\"><input type=\"email\" id=\"wpforms-1202-field_1\" class=\"wpforms-field-required wpforms-field-email-primary\" name=\"wpforms[fields][1][primary]\" spellcheck=\"false\" required><label for=\"wpforms-1202-field_1\" class=\"wpforms-field-sublabel after\">Correo electr\u00f3nico<\/label><\/div><div class=\"wpforms-field-row-block wpforms-one-half\"><input type=\"email\" id=\"wpforms-1202-field_1-secondary\" class=\"wpforms-field-email-secondary wpforms-field-required\" data-rule-confirm=\"#wpforms-1202-field_1\" name=\"wpforms[fields][1][secondary]\" spellcheck=\"false\" required><label for=\"wpforms-1202-field_1-secondary\" class=\"wpforms-field-sublabel after\">Confirmar el correo electr\u00f3nico<\/label><\/div><\/div><\/div><div id=\"wpforms-1202-field_11-container\" class=\"wpforms-field wpforms-field-name\" data-field-id=\"11\"><label class=\"wpforms-field-label\" for=\"wpforms-1202-field_11\">Hermanos Avalistas <span class=\"wpforms-required-label\">*<\/span><\/label><div class=\"wpforms-field-row wpforms-field-medium\"><div class=\"wpforms-field-row-block wpforms-first wpforms-one-half\"><input type=\"text\" id=\"wpforms-1202-field_11\" class=\"wpforms-field-name-first wpforms-field-required\" name=\"wpforms[fields][11][first]\" required><label for=\"wpforms-1202-field_11\" class=\"wpforms-field-sublabel after wpforms-sublabel-hide\">Nombre<\/label><\/div><div class=\"wpforms-field-row-block wpforms-one-half\"><input type=\"text\" id=\"wpforms-1202-field_11-last\" class=\"wpforms-field-name-last wpforms-field-required\" name=\"wpforms[fields][11][last]\" required><label for=\"wpforms-1202-field_11-last\" class=\"wpforms-field-sublabel after wpforms-sublabel-hide\">Apellidos<\/label><\/div><\/div><\/div><div id=\"wpforms-1202-field_2-container\" class=\"wpforms-field wpforms-field-textarea\" data-field-id=\"2\"><label class=\"wpforms-field-label\" for=\"wpforms-1202-field_2\">Mensaje <span class=\"wpforms-required-label\">*<\/span><\/label><textarea id=\"wpforms-1202-field_2\" class=\"wpforms-field-medium wpforms-field-required\" name=\"wpforms[fields][2]\" required><\/textarea><div class=\"wpforms-field-description\">Un breve texto que nos indique porque quieres unirte a nuestra cofrad\u00eda<\/div><\/div><div id=\"wpforms-1202-field_8-container\" class=\"wpforms-field wpforms-field-gdpr-checkbox\" data-field-id=\"8\"><label class=\"wpforms-field-label\">Acuerdo RGPD  <span class=\"wpforms-required-label\">*<\/span><\/label><ul id=\"wpforms-1202-field_8\" class=\"wpforms-field-required\"><li class=\"choice-1\"><input type=\"checkbox\" id=\"wpforms-1202-field_8_1\" name=\"wpforms[fields][8][]\" value=\"Doy mi consentimiento para que esta web almacene la informaci\u00f3n que env\u00edo para que puedan responder a mi petici\u00f3n. \" required ><label class=\"wpforms-field-label-inline\" for=\"wpforms-1202-field_8_1\">Doy mi consentimiento para que esta web almacene la informaci\u00f3n que env\u00edo para que puedan responder a mi petici\u00f3n. <\/label><\/li><\/ul><\/div><\/div><!-- .wpforms-field-container --><div class=\"wpforms-submit-container\" ><input type=\"hidden\" name=\"wpforms[id]\" value=\"1202\"><input type=\"hidden\" name=\"page_title\" value=\"\"><input type=\"hidden\" name=\"page_url\" value=\"https:\/\/santosepulcro-daganzo.com\/index.php?rest_route=\/wp\/v2\/pages\/1170\"><input type=\"hidden\" name=\"url_referer\" value=\"\"><button type=\"submit\" name=\"wpforms[submit]\" id=\"wpforms-submit-1202\" class=\"wpforms-submit\" data-alt-text=\"Enviando\" data-submit-text=\"Enviar\" aria-live=\"assertive\" value=\"wpforms-submit\">Enviar<\/button><img loading=\"lazy\" decoding=\"async\" src=\"https:\/\/santosepulcro-daganzo.com\/wp-content\/plugins\/wpforms-lite\/assets\/images\/submit-spin.svg\" class=\"wpforms-submit-spinner\" style=\"display: none;\" width=\"26\" height=\"26\" alt=\"Cargando\"><\/div><\/form><\/div>  <!-- .wpforms-container -->","protected":false},"excerpt":{"rendered":"","protected":false},"author":1,"featured_media":0,"parent":0,"menu_order":0,"comment_status":"closed","ping_status":"closed","template":"","meta":{"_coblocks_attr":"","_coblocks_dimensions":"","_coblocks_responsive_height":"","_coblocks_accordion_ie_support":"","om_disable_all_campaigns":false,"_monsterinsights_skip_tracking":false,"_monsterinsights_sitenote_active":false,"_monsterinsights_sitenote_note":"","_monsterinsights_sitenote_category":0,"footnotes":""},"class_list":["post-1170","page","type-page","status-publish","hentry"],"aioseo_notices":[],"_links":{"self":[{"href":"https:\/\/santosepulcro-daganzo.com\/index.php?rest_route=\/wp\/v2\/pages\/1170","targetHints":{"allow":["GET"]}}],"collection":[{"href":"https:\/\/santosepulcro-daganzo.com\/index.php?rest_route=\/wp\/v2\/pages"}],"about":[{"href":"https:\/\/santosepulcro-daganzo.com\/index.php?rest_route=\/wp\/v2\/types\/page"}],"author":[{"embeddable":true,"href":"https:\/\/santosepulcro-daganzo.com\/index.php?rest_route=\/wp\/v2\/users\/1"}],"replies":[{"embeddable":true,"href":"https:\/\/santosepulcro-daganzo.com\/index.php?rest_route=%2Fwp%2Fv2%2Fcomments&post=1170"}],"version-history":[{"count":3,"href":"https:\/\/santosepulcro-daganzo.com\/index.php?rest_route=\/wp\/v2\/pages\/1170\/revisions"}],"predecessor-version":[{"id":1569,"href":"https:\/\/santosepulcro-daganzo.com\/index.php?rest_route=\/wp\/v2\/pages\/1170\/revisions\/1569"}],"wp:attachment":[{"href":"https:\/\/santosepulcro-daganzo.com\/index.php?rest_route=%2Fwp%2Fv2%2Fmedia&parent=1170"}],"curies":[{"name":"wp","href":"https:\/\/api.w.org\/{rel}","templated":true}]}}