{"id":1174,"date":"2022-04-23T00:00:01","date_gmt":"2022-04-22T23:00:01","guid":{"rendered":"http:\/\/diskstation\/wordpress\/?page_id=1174"},"modified":"2022-05-16T21:15:21","modified_gmt":"2022-05-16T20:15:21","slug":"cristo-yacente","status":"publish","type":"page","link":"https:\/\/santosepulcro-daganzo.com\/?page_id=1174","title":{"rendered":"Cristo Yacente"},"content":{"rendered":"\n<p>Se cumplen\u00a0este a\u00f1o, el ochenta y un aniversario de la actual imagen del Cristo Yacente de la Parroquia de la Asunci\u00f3n de nuestra Se\u00f1ora. La imagen fue encargada por D\u00aa Emilia Moreno Hern\u00e1ndez e hijos (bisabuela de uno de los hermanos de la Cofrad\u00eda, D. \u00c1ngel Ruiz \u00c1lvarez) en el a\u00f1o 1941 y donada a nuestra iglesia como acci\u00f3n de gracias porque  sus hijos salieron indemnes durante el trascurso de la guerra civil.<\/p>\n\n\n\n<p>La imagen y la urna est\u00e1n atribuidas (sin posibilidad de confrontarlo) a los talleres \u201cCaderot\u201d,&nbsp;establecimiento de venta de art\u00edculos religiosos, imaginer\u00eda y orfebrer\u00eda de la capital de Espa\u00f1a.<\/p>\n\n\n\n<p>Los talleres Caderot se encontraban en la calle Bordadores n\u00famero 11 de Madrid, y fue una empresa de venta objetos lit\u00fargicos, fundada en 1850. Tras la Guerra Civil Espa\u00f1ola, los talleres Caderot fueron una de las empresas de objetos lit\u00fargicos que vendi\u00f3 un gran n\u00famero de piezas sacras destruidas y p\u00e9rdidas en Guerra Civil. Fabricaba,  y proporcionaba esculturas y tallas religiosas por un bajo coste a una clientela mayormente formada por Parroquias, Hermandades, Cofrad\u00edas y Asociaciones cuyo patrimonio hab\u00eda quedado destruido entre los a\u00f1os 1931-1939\u00a0y que, dada la escasez econ\u00f3mica de la \u00e9poca, no dispon\u00edan de recursos para encargos a autores de mayor prestigio.<\/p>\n\n\n\n<p>En el a\u00f1o 2019 se procedi\u00f3 a su restauraci\u00f3n en los talleres de \u201cConservaci\u00f3n y Restauraci\u00f3n de Obras de Arte y Antig\u00fcedades\u201d, sito en nuestra poblaci\u00f3n, siendo su restauradora D\u00aa Mercedes E. Moreno Zuazu.<\/p>\n\n\n\n<p>Tanto la talla como la urna presentaban bastantes desperfectos por el paso del tiempo y anteriores intentos de reparaci\u00f3n sin criterio t\u00e9cnico ni ejecuci\u00f3n profesional.<\/p>\n\n\n\n<figure class=\"wp-block-image alignwide size-large is-style-default\"><img loading=\"lazy\" decoding=\"async\" width=\"1024\" height=\"768\" src=\"http:\/\/santosepulcro-daganzo.com\/wp-content\/uploads\/2022\/05\/Imagen-tras-restauracion-1024x768.png\" alt=\"\" class=\"wp-image-1549\" srcset=\"https:\/\/santosepulcro-daganzo.com\/wp-content\/uploads\/2022\/05\/Imagen-tras-restauracion-1024x768.png 1024w, https:\/\/santosepulcro-daganzo.com\/wp-content\/uploads\/2022\/05\/Imagen-tras-restauracion-300x225.png 300w, https:\/\/santosepulcro-daganzo.com\/wp-content\/uploads\/2022\/05\/Imagen-tras-restauracion-768x576.png 768w, https:\/\/santosepulcro-daganzo.com\/wp-content\/uploads\/2022\/05\/Imagen-tras-restauracion-440x330.png 440w, https:\/\/santosepulcro-daganzo.com\/wp-content\/uploads\/2022\/05\/Imagen-tras-restauracion-920x690.png 920w, https:\/\/santosepulcro-daganzo.com\/wp-content\/uploads\/2022\/05\/Imagen-tras-restauracion.png 1378w\" sizes=\"auto, (max-width: 1024px) 100vw, 1024px\" \/><\/figure>\n","protected":false},"excerpt":{"rendered":"<p>Se cumplen\u00a0este a\u00f1o, el ochenta y un aniversario de la actual imagen del Cristo Yacente de la Parroquia de la<\/p>\n<p><a href=\"https:\/\/santosepulcro-daganzo.com\/?page_id=1174\" class=\"more-link\">Seguir leyendo<span class=\"screen-reader-text\">Cristo Yacente<\/span><\/a><\/p>\n","protected":false},"author":1,"featured_media":0,"parent":0,"menu_order":0,"comment_status":"closed","ping_status":"closed","template":"","meta":{"_coblocks_attr":"","_coblocks_dimensions":"","_coblocks_responsive_height":"","_coblocks_accordion_ie_support":"","om_disable_all_campaigns":false,"_monsterinsights_skip_tracking":false,"_monsterinsights_sitenote_active":false,"_monsterinsights_sitenote_note":"","_monsterinsights_sitenote_category":0,"footnotes":""},"class_list":["post-1174","page","type-page","status-publish","hentry"],"aioseo_notices":[],"_links":{"self":[{"href":"https:\/\/santosepulcro-daganzo.com\/index.php?rest_route=\/wp\/v2\/pages\/1174","targetHints":{"allow":["GET"]}}],"collection":[{"href":"https:\/\/santosepulcro-daganzo.com\/index.php?rest_route=\/wp\/v2\/pages"}],"about":[{"href":"https:\/\/santosepulcro-daganzo.com\/index.php?rest_route=\/wp\/v2\/types\/page"}],"author":[{"embeddable":true,"href":"https:\/\/santosepulcro-daganzo.com\/index.php?rest_route=\/wp\/v2\/users\/1"}],"replies":[{"embeddable":true,"href":"https:\/\/santosepulcro-daganzo.com\/index.php?rest_route=%2Fwp%2Fv2%2Fcomments&post=1174"}],"version-history":[{"count":8,"href":"https:\/\/santosepulcro-daganzo.com\/index.php?rest_route=\/wp\/v2\/pages\/1174\/revisions"}],"predecessor-version":[{"id":1559,"href":"https:\/\/santosepulcro-daganzo.com\/index.php?rest_route=\/wp\/v2\/pages\/1174\/revisions\/1559"}],"wp:attachment":[{"href":"https:\/\/santosepulcro-daganzo.com\/index.php?rest_route=%2Fwp%2Fv2%2Fmedia&parent=1174"}],"curies":[{"name":"wp","href":"https:\/\/api.w.org\/{rel}","templated":true}]}}