{"id":1445,"date":"2022-05-01T23:47:38","date_gmt":"2022-05-01T22:47:38","guid":{"rendered":"https:\/\/santosepulcro-daganzo.com\/?page_id=1445"},"modified":"2022-05-02T00:08:04","modified_gmt":"2022-05-01T23:08:04","slug":"hermandad","status":"publish","type":"page","link":"https:\/\/santosepulcro-daganzo.com\/?page_id=1445","title":{"rendered":"Hermandad"},"content":{"rendered":"\n<p class=\"has-text-align-left\"><img loading=\"lazy\" decoding=\"async\" width=\"16\" height=\"16\" class=\"wp-image-1093\" style=\"width: 16px;\" src=\"http:\/\/diskstation\/wordpress\/wp-content\/uploads\/2022\/04\/LogoCofradia.png\" alt=\"\"><img loading=\"lazy\" decoding=\"async\" width=\"16\" height=\"16\" class=\"wp-image-1093\" style=\"width: 16px;\" src=\"http:\/\/santosepulcro-daganzo.com\/wp-content\/uploads\/2022\/04\/LogoCofradia.png\" alt=\"\"> Fue fundada en Daganzo de Arriba (Madrid) en el a\u00f1o 2006, gracias al empe\u00f1o de un grupo de j\u00f3venes de la localidad devotos de la Imagen del Cristo Yacente que existe en la Parroquia de la Asunci\u00f3n de Nuestra Se\u00f1ora de la misma localidad.<\/p>\n\n\n\n<p><img loading=\"lazy\" decoding=\"async\" width=\"16\" height=\"16\" class=\"wp-image-1093\" style=\"width: 16px;\" src=\"http:\/\/santosepulcro-daganzo.com\/wp-content\/uploads\/2022\/04\/LogoCofradia.png\" alt=\"\"> No es una hermandad asociada a ning\u00fan gremio en particular pero est\u00e1 muy ligada a la historia de la ciudad; sus formas son muy tradicionales, sobrias y de riguroso luto como no pod\u00eda ser de otra forma, al ser su titular el Cristo Yacente del Santo Sepulcro.<\/p>\n\n\n\n<p><img loading=\"lazy\" decoding=\"async\" width=\"16\" height=\"16\" class=\"wp-image-1093\" style=\"width: 16px;\" src=\"http:\/\/santosepulcro-daganzo.com\/wp-content\/uploads\/2022\/04\/LogoCofradia.png\" alt=\"\"> Su principal actividad en la actualidad es el culto y veneraci\u00f3n de su imagen que en la noche de Viernes Santo hace su Estaci\u00f3n de Penitencia, procesionando por las calles de la localidad, formando parte de del cortejo procesional del Santo Entierro.<\/p>\n\n\n\n<p><img loading=\"lazy\" decoding=\"async\" width=\"16\" height=\"16\" class=\"wp-image-1093\" style=\"width: 16px;\" src=\"http:\/\/santosepulcro-daganzo.com\/wp-content\/uploads\/2022\/04\/LogoCofradia.png\" alt=\"\"> La lista de Hermanos fundadores es:<\/p>\n\n\n\n<ul class=\"is-style-default mb-0 pb-0 mt-0 pt-0 wp-block-list\"><li><em>D. V\u00edctor Aguado Sanz<\/em><\/li><li><em>D. \u00c1ngel Ruiz \u00c1lvarez<\/em><\/li><li><em>D. Pablo Aparicio Gonz\u00e1lez<\/em><\/li><li><em>D. Jaime Berzal Ortega<\/em><\/li><li><em>D. Jes\u00fas \u00c1ngel Berzal Ortega<\/em><\/li><li><em>D. Carlos Berzal Valladar<\/em><\/li><li><em>D. Javier Berzal Valladar<\/em><\/li><li><em>D. Sergio Berzal Valladar<\/em><\/li><li><em>D. Javier Castro Berzal<\/em><\/li><li><em>D. Jose Carlos Castro Castro<\/em><\/li><li><em>D. Mariano Coronado Sanz<\/em><\/li><li><em>D. David Gonz\u00e1lez Garc\u00eda<\/em><\/li><li><em>D. David Gonz\u00e1lez Fuentes<\/em><\/li><li><em>D. David Diez Guz\u00f3n<\/em><\/li><li><em>D. Jose Luis Garc\u00eda Valdolivas<\/em><\/li><li><em>D. Miguel Martin Caballero<\/em><\/li><li><em>D. Raimundo Sanz Marcos<\/em><\/li><li><em>D. Ricardo Valladar Sanz<\/em><\/li><li><em>D. Oscar Yebra Redondo<\/em><\/li><li><em>D. Juli\u00e1n Yebra Redondo<\/em><\/li><li><em>D. Rub\u00e9n Yebra Redondo<\/em><\/li><li><em>D. Diego Valladar P\u00e9rez<\/em><\/li><li><em>D. Carlos M\u00e9ndez Castro<\/em><\/li><li><em>D. Trif\u00f3n Ruiz-Castro Alcobendas<\/em><\/li><\/ul>\n","protected":false},"excerpt":{"rendered":"<p>Fue fundada en Daganzo de Arriba (Madrid) en el a\u00f1o 2006, gracias al empe\u00f1o de un grupo de j\u00f3venes de<\/p>\n<p><a href=\"https:\/\/santosepulcro-daganzo.com\/?page_id=1445\" class=\"more-link\">Seguir leyendo<span class=\"screen-reader-text\">Hermandad<\/span><\/a><\/p>\n","protected":false},"author":1,"featured_media":0,"parent":0,"menu_order":0,"comment_status":"closed","ping_status":"closed","template":"","meta":{"_coblocks_attr":"","_coblocks_dimensions":"","_coblocks_responsive_height":"","_coblocks_accordion_ie_support":"","om_disable_all_campaigns":false,"_monsterinsights_skip_tracking":false,"_monsterinsights_sitenote_active":false,"_monsterinsights_sitenote_note":"","_monsterinsights_sitenote_category":0,"footnotes":""},"class_list":["post-1445","page","type-page","status-publish","hentry"],"aioseo_notices":[],"_links":{"self":[{"href":"https:\/\/santosepulcro-daganzo.com\/index.php?rest_route=\/wp\/v2\/pages\/1445","targetHints":{"allow":["GET"]}}],"collection":[{"href":"https:\/\/santosepulcro-daganzo.com\/index.php?rest_route=\/wp\/v2\/pages"}],"about":[{"href":"https:\/\/santosepulcro-daganzo.com\/index.php?rest_route=\/wp\/v2\/types\/page"}],"author":[{"embeddable":true,"href":"https:\/\/santosepulcro-daganzo.com\/index.php?rest_route=\/wp\/v2\/users\/1"}],"replies":[{"embeddable":true,"href":"https:\/\/santosepulcro-daganzo.com\/index.php?rest_route=%2Fwp%2Fv2%2Fcomments&post=1445"}],"version-history":[{"count":4,"href":"https:\/\/santosepulcro-daganzo.com\/index.php?rest_route=\/wp\/v2\/pages\/1445\/revisions"}],"predecessor-version":[{"id":1459,"href":"https:\/\/santosepulcro-daganzo.com\/index.php?rest_route=\/wp\/v2\/pages\/1445\/revisions\/1459"}],"wp:attachment":[{"href":"https:\/\/santosepulcro-daganzo.com\/index.php?rest_route=%2Fwp%2Fv2%2Fmedia&parent=1445"}],"curies":[{"name":"wp","href":"https:\/\/api.w.org\/{rel}","templated":true}]}}